{"id":1499,"date":"2024-04-03T13:56:56","date_gmt":"2024-04-03T11:56:56","guid":{"rendered":"https:\/\/www.netphyd.de\/?page_id=1499"},"modified":"2025-03-06T16:04:14","modified_gmt":"2025-03-06T15:04:14","slug":"anleitung_faq","status":"publish","type":"page","link":"https:\/\/www.netphyd.de\/index.php\/anleitung_faq\/","title":{"rendered":"Anleitung &amp; FAQ"},"content":{"rendered":"\n<h2 class=\"wp-block-heading\" style=\"font-size:25px;font-style:normal;font-weight:100;text-transform:none\">Einf\u00fchrung Nutzung NetPhyD Portale &amp; Deutschlandflora App<\/h2>\n\n\n\n<p>Diese Pr\u00e4sentation, zusammengestellt von Katrin Schneider vom Botanischen Verein Sachsen-Anhalt, erl\u00e4utert erste Schritte f\u00fcr die Nutzung unserer Erfassungstools.<\/p>\n\n\n\n<div data-wp-interactive=\"core\/file\" class=\"wp-block-file\"><object data-wp-bind--hidden=\"!state.hasPdfPreview\" hidden class=\"wp-block-file__embed\" data=\"https:\/\/www.netphyd.de\/wp-content\/uploads\/2025\/03\/Einfuehrung-NetPhyD-App-und-Portale-2025-02-19.pdf\" type=\"application\/pdf\" style=\"width:100%;height:600px\" aria-label=\"Einbettung von Einf\u00fchrung NetPhyD App und Portale 2025-02-19.\"><\/object><a id=\"wp-block-file--media-c530f3e8-455d-42cf-8bf1-f3a3ac4c0be2\" href=\"https:\/\/www.netphyd.de\/wp-content\/uploads\/2025\/03\/Einfuehrung-NetPhyD-App-und-Portale-2025-02-19.pdf\">Einf\u00fchrung NetPhyD App und Portale 2025-02-19<\/a><a href=\"https:\/\/www.netphyd.de\/wp-content\/uploads\/2025\/03\/Einfuehrung-NetPhyD-App-und-Portale-2025-02-19.pdf\" class=\"wp-block-file__button wp-element-button\" download aria-describedby=\"wp-block-file--media-c530f3e8-455d-42cf-8bf1-f3a3ac4c0be2\">Herunterladen<\/a><\/div>\n\n\n\n<h2 class=\"wp-block-heading\" style=\"font-size:25px;font-style:normal;font-weight:100;text-transform:none\">FAQ<\/h2>\n\n\n\n<p>Im folgenden finden Sie eine Sammlung von h\u00e4ufig gestellten Fragen und aufgetretenen Problemen. Sollte Ihre Frage\/Ihr Anliegen nicht dabei sein, schreiben Sie uns gerne eine E-Mail an info@netphyd.de.<\/p>\n\n\n\n<h6 class=\"wp-block-heading\" style=\"font-size:25px;font-style:normal;font-weight:100;text-transform:none\">App<\/h6>\n\n\n\n<details class=\"wp-block-details is-layout-flow wp-block-details-is-layout-flow\"><summary>Kann ich meine alte App weiterverwenden?<\/summary>\n<p>Das kommt darauf an, welche App Sie benutzt haben. Die Regional-Apps der WerBeo-Portale (Flora-MV \/ Flora-BB \/ Flora-ST) k\u00f6nnen Sie prinzipiell weiter verwenden. Da diese jedoch auf einigen Handys nicht zu behebende Fehler aufweisen (White- bzw. Blackscreen ohne Reaktion) und in diesen F\u00e4llen nicht synchronisierte Funde verloren gehen k\u00f6nnen, raten wir von dem weiteren Gebrauch dieser Apps ab. Bitte laden Sie sich lieber die neue Deutschlandflora App 3.0 f\u00fcr <a href=\"https:\/\/play.google.com\/store\/apps\/details?id=org.infinitenature.app.flora.deutschlandflora\">Android<\/a> oder <a href=\"https:\/\/apps.apple.com\/de\/app\/deutschlandflora-3-0\/id6630392541\">iOS<\/a> kostenlos herunter. Diese ist f\u00fcr alle Regionalportale sowie die Deutschlandflora universell einsetzbar.<\/p>\n<\/details>\n\n\n\n<details class=\"wp-block-details is-layout-flow wp-block-details-is-layout-flow\"><summary>Kann ich eine Kartierliste aufnehmen?<\/summary>\n<p>Ja, dies ist m\u00f6glich! Stellen Sie daf\u00fcr sicher, die neuste Version der App zu verwenden. Falls Sie eine \u00e4ltere Version (\u00e4lter als Mai 2024) verwenden, aktualisieren Sie die App \u00fcber Google Play oder den App Store. Ihre Daten der bisherigen Funde bleiben dabei erhalten.<\/p>\n<\/details>\n\n\n\n<details class=\"wp-block-details is-layout-flow wp-block-details-is-layout-flow\"><summary>Meine Funde, die ich in der Deutschlandflora App 3.0 erfasst habe, erscheinen nicht im Portal.<\/summary>\n<p>Wenn Ihre Funde, die Sie mit der App auf Ihrem Handy erfasst haben, nicht im Portal erscheinen, so pr\u00fcfen Sie zun\u00e4chst, ob Sie diese hochgeladen haben. Dazu bet\u00e4tigen Sie den &#8222;Wolken-Button&#8220; rechts oben in der Kopfleiste. Sollte eine \u00dcbertragung dennoch nicht funktionieren, schreiben Sie uns eine E-Mail an info@netphyd.de. <\/p>\n\n\n<div class=\"wp-block-image\">\n<figure class=\"alignleft size-full is-resized\"><img loading=\"lazy\" decoding=\"async\" width=\"512\" height=\"512\" src=\"https:\/\/www.netphyd.de\/wp-content\/uploads\/2024\/05\/9348492.png\" alt=\"\" class=\"wp-image-1566\" style=\"width:42px;height:auto\" srcset=\"https:\/\/www.netphyd.de\/wp-content\/uploads\/2024\/05\/9348492.png 512w, https:\/\/www.netphyd.de\/wp-content\/uploads\/2024\/05\/9348492-300x300.png 300w, https:\/\/www.netphyd.de\/wp-content\/uploads\/2024\/05\/9348492-150x150.png 150w, https:\/\/www.netphyd.de\/wp-content\/uploads\/2024\/05\/9348492-510x510.png 510w\" sizes=\"auto, (max-width: 512px) 100vw, 512px\" \/><\/figure>\n<\/div>\n\n\n<div style=\"height:5px\" aria-hidden=\"true\" class=\"wp-block-spacer\"><\/div>\n<\/details>\n\n\n\n<details class=\"wp-block-details is-layout-flow wp-block-details-is-layout-flow\"><summary>Kann ich meine Funde, die lokal auf meinem Handy gespeichert werden, l\u00f6schen?<\/summary>\n<p>Wenn Sie Ihre Funde noch nicht in unsere Datenbank hochgeladen haben, so k\u00f6nnen Sie diese in Ihrem Handy nachbearbeiten und l\u00f6schen. Nach dem Hochladen der Funde ist eine Bearbeitung nur noch im Portal m\u00f6glich. <br>Ungeachtet dessen ruft die App bei der Nutzung automatisch Ihre letzten 100 Funde ab. Es ist leider nicht m\u00f6glich, die Anzahl der abgefragten Funde zu begrenzen. Allerdings ben\u00f6tigen die Funde nur sehr wenig Speicherplatz.<\/p>\n<\/details>\n\n\n\n<div style=\"height:20px\" aria-hidden=\"true\" class=\"wp-block-spacer\"><\/div>\n\n\n\n<h6 class=\"wp-block-heading\" style=\"font-size:25px;font-style:normal;font-weight:100;text-transform:none\">Erfassungsportal<\/h6>\n\n\n\n<details class=\"wp-block-details is-layout-flow wp-block-details-is-layout-flow\"><summary>Warum gibt es ein neues Deutschlandflora-Portal?<\/summary>\n<p>J\u00fcrgen Br\u00fcck, der als Programmierer lange Jahre dem NetPhyD Verein treue Dienste geleistet hat und untrennbar mit den Vorbereitungen f\u00fcr den deutschlandweiten Verbreitungsatlas und der Entwicklung der bisherigen Deutschlandflora-Plattform verbunden ist, hat sich entschieden den Support f\u00fcr die Plattform Anfang M\u00e4rz 2024 einzustellen. Die Betreuung des neuen Portals erfolgt nun \u00fcber einen direkt bei NetPhyD angestellten Programmierer. Wir arbeiten kontinuierlich daran, Ihnen die gewohnten Funktionen in einem vergleichbaren Umfang zur Verf\u00fcgung zu stellen.<\/p>\n<\/details>\n\n\n\n<details class=\"wp-block-details is-layout-flow wp-block-details-is-layout-flow\"><summary>Warum ist das Deutschlandflora-Portal seit M\u00e4rz 2024 anders?<\/summary>\n<p>Der Umzug der Plattform bedingt ein ver\u00e4ndertes Layout und auch Ver\u00e4nderungen der Funktionen und der Bedienung. Wir bitten um Entschuldigung f\u00fcr etwaige Unannehmlichkeiten bei der Umstellung.<br>Sollten Sie elementare Funktionen vermissen, kontaktieren Sie uns gerne, so dass wir schauen k\u00f6nnen, ob Ihr Wunsch auch in unserer Plattform umsetzbar ist.<\/p>\n<\/details>\n\n\n\n<details class=\"wp-block-details is-layout-flow wp-block-details-is-layout-flow\"><summary>Meine Anmeldung im neuen Deutschlandflora-Portal klappt nicht. Was kann ich tun?<\/summary>\n<p>Auch Nutzer:innen, die einen Account im alten Deutschlandflora-Portal hatten, m\u00fcssen sich neu registrieren. Damit wir Ihrem neuen Account Ihre Daten aus dem alten Deutschlandflora-Portal zuordnen k\u00f6nnen, ist es hilfreich, wenn Sie bei der Registrierung die selbe E-Mail Adresse nutzen.<\/p>\n<\/details>\n\n\n\n<details class=\"wp-block-details is-layout-flow wp-block-details-is-layout-flow\"><summary>Warum werde ich in ein Regional-Portal weitergeleitet, wenn ich meine Funde im Deutschlandflora-Portal bearbeite?<\/summary>\n<p>Beobachtungen, die Sie in die App oder das Deutschlandflora-Portal einpflegen, werden gleich beim Hochladen dem zust\u00e4ndigen Regional-Portal zugewiesen. Welches Regional-Portal zust\u00e4ndig ist, entscheidet sich danach, in welchem Bundesland der Fund gemacht wurde. Gleichzeitig finden Sie in allen Portalen alle Ihre Meldungen, die Sie&nbsp;online gemacht haben. Um die Funde, die mit der App erfasst wurden, im Portal zu bearbeiten, m\u00fcssen sie zun\u00e4chst von der App aus hochgeladen werden. Eigene Funde k\u00f6nnen in allen Portalen bearbeitet werden. Sie k\u00f6nnen sie jederzeit \u00fcber &#8222;Meine Funde&#8220; wiederfinden. <\/p>\n<\/details>\n\n\n\n<details class=\"wp-block-details is-layout-flow wp-block-details-is-layout-flow\"><summary>Warum werden mir nicht die Namen der anderen Finder angezeigt?<\/summary>\n<p>Um personenbezogene Daten unserer Nutzer sowie die Fundorte seltener Arten zu sch\u00fctzen, wird die Sichtbarkeit von Namen und genauen Standortangaben eingeschr\u00e4nkt. Erweiterten Zugang k\u00f6nnen ausgew\u00e4hlte Personen erlangen. Wenden Sie sich daf\u00fcr an die regionalen Portaladministrator:innen.<\/p>\n<\/details>\n\n\n\n<details class=\"wp-block-details is-layout-flow wp-block-details-is-layout-flow\"><summary>Warum sehe ich Funde von anderen auf der Verbreitungskarte nur vergr\u00f6bert?<\/summary>\n<p>Um die Fundorte seltener Arten zu sch\u00fctzen, wird die Sichtbarkeit von genauen Standortangaben eingeschr\u00e4nkt. Erweiterten Zugang k\u00f6nnen ausgew\u00e4hlte Personen erlangen. Wenden Sie sich daf\u00fcr an die regionalen Portaladministrator:innen.<\/p>\n<\/details>\n\n\n\n<details class=\"wp-block-details is-layout-flow wp-block-details-is-layout-flow\"><summary>Die exportierte CSV-Datei enth\u00e4lt eine falsche Spaltenzuordnung. Was kann ich tun?<\/summary>\n<p>Damit die Spaltenzuordnung in Ihrer Datei stimmt, m\u00fcssen Sie beim Export darauf achten, dass Sie ausschlie\u00dflich das Semikolon als Trennzeichen ausw\u00e4hlen. Achten Sie zudem darauf, dass Sie den Zeichensatz &#8222;Westeurop\u00e4isch (Windows-1252\/WinLatin 1)&#8220; nutzen.<\/p>\n<\/details>\n\n\n\n<details class=\"wp-block-details is-layout-flow wp-block-details-is-layout-flow\"><summary>Welche taxonomische Referenzliste liegt der App und dem Portal zugrunde?<\/summary>\n<p>Die App und das Portal beruhen auf der <a href=\"https:\/\/germansl.infinitenature.org\/\" target=\"_blank\" rel=\"noreferrer noopener\">GermanSL<\/a>, die ein Kompromiss ist aus Aktualit\u00e4t der Taxonomie und Best\u00e4ndigkeit der referenzierten Funddaten. Die GermanSL ist zu 100% kompatibel mit den BfN Skripten 519 (ist aber deutlich umfangreicher). Die <a href=\"https:\/\/www.bfn.de\/publikationen\/bfn-schriften\/bfn-schriften-519-liste-der-gefaesspflanzen-deutschlands-florensynopse\" target=\"_blank\" rel=\"noreferrer noopener\">BfN Skripte 519<\/a> bauen wiederum auf der kontinuierlich aktualisierten <a href=\"https:\/\/florenliste-deutschland.de\/\" target=\"_blank\" rel=\"noreferrer noopener\">Florenliste von Deutschland<\/a> auf.<\/p>\n<\/details>\n\n\n\n<details class=\"wp-block-details is-layout-flow wp-block-details-is-layout-flow\"><summary>Warum werden nur lateinische Pflanzennamen angezeigt und nicht auch deutsche?<\/summary>\n<p>Die NetPhyD-Portale sind Fachportale und die Gruppe der Pflanzen ist mit ca. 5500 in Deutschland vorkommenden Arten eine taxonomische Gruppe, die mit deutschen Namen (allein) nicht ad\u00e4quat abgebildet werden kann. Viele seltene Arten haben keine etablierten deutschen Namen und die deutschen Namen vieler h\u00e4ufiger Arten unterscheiden sich regional.<\/p>\n<\/details>\n","protected":false},"excerpt":{"rendered":"<p>Einf\u00fchrung Nutzung NetPhyD Portale &amp; Deutschlandflora App Diese Pr\u00e4sentation, zusammengestellt von Katrin Schneider vom Botanischen Verein Sachsen-Anhalt, erl\u00e4utert erste Schritte f\u00fcr die Nutzung unserer Erfassungstools. FAQ Im folgenden finden Sie eine Sammlung von h\u00e4ufig gestellten Fragen und aufgetretenen Problemen. Sollte Ihre Frage\/Ihr Anliegen nicht dabei sein, schreiben Sie uns gerne eine E-Mail an info@netphyd.de. App [&hellip;]<\/p>\n","protected":false},"author":1,"featured_media":0,"parent":0,"menu_order":0,"comment_status":"closed","ping_status":"closed","template":"","meta":{"footnotes":""},"class_list":["post-1499","page","type-page","status-publish","czr-hentry"],"_links":{"self":[{"href":"https:\/\/www.netphyd.de\/index.php\/wp-json\/wp\/v2\/pages\/1499","targetHints":{"allow":["GET"]}}],"collection":[{"href":"https:\/\/www.netphyd.de\/index.php\/wp-json\/wp\/v2\/pages"}],"about":[{"href":"https:\/\/www.netphyd.de\/index.php\/wp-json\/wp\/v2\/types\/page"}],"author":[{"embeddable":true,"href":"https:\/\/www.netphyd.de\/index.php\/wp-json\/wp\/v2\/users\/1"}],"replies":[{"embeddable":true,"href":"https:\/\/www.netphyd.de\/index.php\/wp-json\/wp\/v2\/comments?post=1499"}],"version-history":[{"count":31,"href":"https:\/\/www.netphyd.de\/index.php\/wp-json\/wp\/v2\/pages\/1499\/revisions"}],"predecessor-version":[{"id":2008,"href":"https:\/\/www.netphyd.de\/index.php\/wp-json\/wp\/v2\/pages\/1499\/revisions\/2008"}],"wp:attachment":[{"href":"https:\/\/www.netphyd.de\/index.php\/wp-json\/wp\/v2\/media?parent=1499"}],"curies":[{"name":"wp","href":"https:\/\/api.w.org\/{rel}","templated":true}]}}