{"id":55,"date":"2023-11-10T15:35:49","date_gmt":"2023-11-10T14:35:49","guid":{"rendered":"https:\/\/dflora.netphyd.de\/?page_id=55"},"modified":"2026-03-26T11:14:33","modified_gmt":"2026-03-26T10:14:33","slug":"team","status":"publish","type":"page","link":"https:\/\/www.netphyd.de\/index.php\/team\/","title":{"rendered":"Das Team"},"content":{"rendered":"\n<hr class=\"wp-block-separator has-alpha-channel-opacity\"\/>\n\n\n\n<h3 class=\"wp-block-heading\">Der Vorstand<\/h3>\n\n\n\n<div style=\"height:9px\" aria-hidden=\"true\" class=\"wp-block-spacer\"><\/div>\n\n\n\n<h6 class=\"wp-block-heading\" style=\"font-size:25px;font-style:normal;font-weight:100;letter-spacing:2px;text-transform:capitalize\">Prof. Dr. Florian Jansen<\/h6>\n\n\n\n<div class=\"wp-block-media-text is-stacked-on-mobile\" style=\"grid-template-columns:25% auto\"><figure class=\"wp-block-media-text__media\"><img loading=\"lazy\" decoding=\"async\" width=\"712\" height=\"1024\" src=\"https:\/\/dflora.netphyd.de\/wp-content\/uploads\/2024\/02\/Jansen_4_hochkant-1-712x1024.jpg\" alt=\"\" class=\"wp-image-1112 size-full\" srcset=\"https:\/\/www.netphyd.de\/wp-content\/uploads\/2024\/02\/Jansen_4_hochkant-1-712x1024.jpg 712w, https:\/\/www.netphyd.de\/wp-content\/uploads\/2024\/02\/Jansen_4_hochkant-1-209x300.jpg 209w, https:\/\/www.netphyd.de\/wp-content\/uploads\/2024\/02\/Jansen_4_hochkant-1-768x1104.jpg 768w, https:\/\/www.netphyd.de\/wp-content\/uploads\/2024\/02\/Jansen_4_hochkant-1-1068x1536.jpg 1068w, https:\/\/www.netphyd.de\/wp-content\/uploads\/2024\/02\/Jansen_4_hochkant-1-1424x2048.jpg 1424w, https:\/\/www.netphyd.de\/wp-content\/uploads\/2024\/02\/Jansen_4_hochkant-1.jpg 1663w\" sizes=\"auto, (max-width: 712px) 100vw, 712px\" \/><\/figure><div class=\"wp-block-media-text__content\">\n<p style=\"font-size:16px\">Universit\u00e4t Rostock<br>Lehrstuhl f\u00fcr Landschafts\u00f6kologie und Standortkunde<br>Justus-von-Liebig-Weg 6<br>18059 Rostock<\/p>\n\n\n\n<p style=\"font-size:16px\">Tel.: (+49) 381 498 3220<br>E-Mail:&nbsp;<a href=\"mailto:florian.jansen@uni-rostock.de\">florian.jansen@uni-rostock.de<\/a><br>Web:&nbsp;<a href=\"https:\/\/www.auf.uni-rostock.de\/loe\" target=\"_blank\" rel=\"noreferrer noopener\">https:\/\/www.auf.uni-rostock.de\/loe<\/a><\/p>\n<\/div><\/div>\n\n\n\n<div style=\"height:15px\" aria-hidden=\"true\" class=\"wp-block-spacer\"><\/div>\n\n\n\n<h6 class=\"wp-block-heading\" style=\"font-size:25px;font-style:normal;font-weight:100;letter-spacing:2px;text-transform:capitalize\">Dr. Andreas Bettinger<\/h6>\n\n\n\n<div class=\"wp-block-media-text is-stacked-on-mobile\" style=\"grid-template-columns:25% auto\"><figure class=\"wp-block-media-text__media\"><img loading=\"lazy\" decoding=\"async\" width=\"831\" height=\"1024\" src=\"https:\/\/dflora.netphyd.de\/wp-content\/uploads\/2024\/01\/BettingersoloDez2015-831x1024.jpg\" alt=\"\" class=\"wp-image-687 size-full\" srcset=\"https:\/\/www.netphyd.de\/wp-content\/uploads\/2024\/01\/BettingersoloDez2015-831x1024.jpg 831w, https:\/\/www.netphyd.de\/wp-content\/uploads\/2024\/01\/BettingersoloDez2015-244x300.jpg 244w, https:\/\/www.netphyd.de\/wp-content\/uploads\/2024\/01\/BettingersoloDez2015-768x946.jpg 768w, https:\/\/www.netphyd.de\/wp-content\/uploads\/2024\/01\/BettingersoloDez2015-1247x1536.jpg 1247w, https:\/\/www.netphyd.de\/wp-content\/uploads\/2024\/01\/BettingersoloDez2015-1662x2048.jpg 1662w\" sizes=\"auto, (max-width: 831px) 100vw, 831px\" \/><\/figure><div class=\"wp-block-media-text__content\">\n<p style=\"font-size:16px\">Zentrum f\u00fcr Biodokumentation (ZfB) Saarbr\u00fccken<br><\/p>\n\n\n\n<p style=\"font-size:16px\">E-Mail:&nbsp;<a href=\"mailto:a.bettinger@umwelt.saarland.de\">andreasbettinger28@gmail.com<\/a><br>Web:&nbsp;<a href=\"http:\/\/www.biodokumentation.saarland.de\/\" target=\"_blank\" rel=\"noreferrer noopener\">http:\/\/www.biodokumentation.saarland.de<\/a><\/p>\n<\/div><\/div>\n\n\n\n<div style=\"height:15px\" aria-hidden=\"true\" class=\"wp-block-spacer\"><\/div>\n\n\n\n<h6 class=\"wp-block-heading\" style=\"font-size:25px;font-style:normal;font-weight:100;letter-spacing:2px;text-transform:capitalize\">J\u00fcrgen Klotz<\/h6>\n\n\n\n<div class=\"wp-block-media-text is-stacked-on-mobile\" style=\"grid-template-columns:25% auto\"><figure class=\"wp-block-media-text__media\"><img loading=\"lazy\" decoding=\"async\" width=\"768\" height=\"1024\" src=\"https:\/\/dflora.netphyd.de\/wp-content\/uploads\/2024\/02\/DSCN0847-JK-beim-Wildrosenpflanzen-1-768x1024.jpg\" alt=\"\" class=\"wp-image-1392 size-full\" srcset=\"https:\/\/www.netphyd.de\/wp-content\/uploads\/2024\/02\/DSCN0847-JK-beim-Wildrosenpflanzen-1-768x1024.jpg 768w, https:\/\/www.netphyd.de\/wp-content\/uploads\/2024\/02\/DSCN0847-JK-beim-Wildrosenpflanzen-1-225x300.jpg 225w, https:\/\/www.netphyd.de\/wp-content\/uploads\/2024\/02\/DSCN0847-JK-beim-Wildrosenpflanzen-1-1152x1536.jpg 1152w, https:\/\/www.netphyd.de\/wp-content\/uploads\/2024\/02\/DSCN0847-JK-beim-Wildrosenpflanzen-1-rotated.jpg 1536w\" sizes=\"auto, (max-width: 768px) 100vw, 768px\" \/><\/figure><div class=\"wp-block-media-text__content\">\n<p style=\"font-size:16px\">Regensburgische Botanische Gesellschaft von 1790 e.V.<\/p>\n\n\n\n<p style=\"font-size:16px\">E-Mail:&nbsp;<a href=\"mailto:juergen.klotz@biologie.uni-regensburg.de\">juergen.klotz@biologie.uni-regensburg.de<\/a><br>Web: <a href=\"http:\/\/rbg1790.de\/\" target=\"_blank\" rel=\"noreferrer noopener\">http:\/\/rbg1790.de\/<\/a><\/p>\n<\/div><\/div>\n\n\n\n<div style=\"height:15px\" aria-hidden=\"true\" class=\"wp-block-spacer\"><\/div>\n\n\n\n<h6 class=\"wp-block-heading\" style=\"font-size:25px;font-style:normal;font-weight:100;letter-spacing:2px;text-transform:capitalize\">Friederike M\u00f6bius<\/h6>\n\n\n\n<div class=\"wp-block-media-text is-stacked-on-mobile\" style=\"grid-template-columns:25% auto\"><figure class=\"wp-block-media-text__media\"><img loading=\"lazy\" decoding=\"async\" width=\"724\" height=\"1024\" src=\"https:\/\/dflora.netphyd.de\/wp-content\/uploads\/2024\/02\/O_apifera_2021_Gruenz-724x1024.jpg\" alt=\"\" class=\"wp-image-1371 size-full\" srcset=\"https:\/\/www.netphyd.de\/wp-content\/uploads\/2024\/02\/O_apifera_2021_Gruenz-724x1024.jpg 724w, https:\/\/www.netphyd.de\/wp-content\/uploads\/2024\/02\/O_apifera_2021_Gruenz-212x300.jpg 212w, https:\/\/www.netphyd.de\/wp-content\/uploads\/2024\/02\/O_apifera_2021_Gruenz-768x1086.jpg 768w, https:\/\/www.netphyd.de\/wp-content\/uploads\/2024\/02\/O_apifera_2021_Gruenz-1087x1536.jpg 1087w, https:\/\/www.netphyd.de\/wp-content\/uploads\/2024\/02\/O_apifera_2021_Gruenz.jpg 1204w\" sizes=\"auto, (max-width: 724px) 100vw, 724px\" \/><\/figure><div class=\"wp-block-media-text__content\">\n<p style=\"font-size:16px\">Vorstandsmitglied der AG Geobotanik MV<\/p>\n\n\n\n<p style=\"font-size:16px\">E-Mail:&nbsp;<a href=\"mailto:moebius@gnl-kratzeburg.de\">moebius@gnl-kratzeburg.de<\/a><br>Web: <a href=\"https:\/\/geobotanik-mv.de\/\" target=\"_blank\" rel=\"noreferrer noopener\">https:\/\/geobotanik-mv.de\/<\/a><\/p>\n<\/div><\/div>\n\n\n\n<div style=\"height:40px\" aria-hidden=\"true\" class=\"wp-block-spacer\"><\/div>\n\n\n\n<h6 class=\"wp-block-heading\" style=\"font-size:25px;font-style:normal;font-weight:100;letter-spacing:2px;text-transform:capitalize\">Dr. Peter Gausmann<\/h6>\n\n\n\n<div class=\"wp-block-media-text is-stacked-on-mobile\" style=\"grid-template-columns:25% auto\"><figure class=\"wp-block-media-text__media\"><img loading=\"lazy\" decoding=\"async\" width=\"800\" height=\"963\" src=\"https:\/\/www.netphyd.de\/wp-content\/uploads\/2026\/03\/Peter-Gausmann.jpg\" alt=\"\" class=\"wp-image-2256 size-full\" srcset=\"https:\/\/www.netphyd.de\/wp-content\/uploads\/2026\/03\/Peter-Gausmann.jpg 800w, https:\/\/www.netphyd.de\/wp-content\/uploads\/2026\/03\/Peter-Gausmann-249x300.jpg 249w, https:\/\/www.netphyd.de\/wp-content\/uploads\/2026\/03\/Peter-Gausmann-768x924.jpg 768w\" sizes=\"auto, (max-width: 800px) 100vw, 800px\" \/><\/figure><div class=\"wp-block-media-text__content\">\n<p style=\"font-size:16px\">Bochumer Botanischer Verein e.V. &amp; Ruhr-Universit\u00e4t Bochum<\/p>\n\n\n\n<p style=\"font-size:16px\">E-Mail:&nbsp;<a href=\"mailto:peter.gausmann@rub.de\">peter.gausmann@rub.de<\/a><br>Web: <a href=\"https:\/\/botanik-bochum.de\/web\/mitglieder\/petergausmann.htm\">https:\/\/botanik-bochum.de\/web\/mitglieder\/petergausmann.htm<\/a><\/p>\n<\/div><\/div>\n\n\n\n<div style=\"height:70px\" aria-hidden=\"true\" class=\"wp-block-spacer\"><\/div>\n\n\n\n<h3 class=\"wp-block-heading\">Mitarbeitende<\/h3>\n\n\n\n<h6 class=\"wp-block-heading\" style=\"font-size:25px;font-style:normal;font-weight:100;letter-spacing:2px;text-transform:capitalize\">Dr. Nicola Seitz<\/h6>\n\n\n\n<div class=\"wp-block-media-text is-stacked-on-mobile\" style=\"grid-template-columns:25% auto\"><figure class=\"wp-block-media-text__media\"><img loading=\"lazy\" decoding=\"async\" width=\"1024\" height=\"1024\" src=\"https:\/\/www.netphyd.de\/wp-content\/uploads\/2024\/10\/IMG_3495-2-1024x1024.jpeg\" alt=\"\" class=\"wp-image-1665 size-full\" srcset=\"https:\/\/www.netphyd.de\/wp-content\/uploads\/2024\/10\/IMG_3495-2-1024x1024.jpeg 1024w, https:\/\/www.netphyd.de\/wp-content\/uploads\/2024\/10\/IMG_3495-2-300x300.jpeg 300w, https:\/\/www.netphyd.de\/wp-content\/uploads\/2024\/10\/IMG_3495-2-150x150.jpeg 150w, https:\/\/www.netphyd.de\/wp-content\/uploads\/2024\/10\/IMG_3495-2-768x768.jpeg 768w, https:\/\/www.netphyd.de\/wp-content\/uploads\/2024\/10\/IMG_3495-2-1536x1536.jpeg 1536w, https:\/\/www.netphyd.de\/wp-content\/uploads\/2024\/10\/IMG_3495-2-510x510.jpeg 510w, https:\/\/www.netphyd.de\/wp-content\/uploads\/2024\/10\/IMG_3495-2.jpeg 2019w\" sizes=\"auto, (max-width: 1024px) 100vw, 1024px\" \/><\/figure><div class=\"wp-block-media-text__content\">\n<p style=\"font-size:16px\">Allgemeine Koordination und Projektleitung f\u00fcr das BfN Projekt zur Aktualisierung der Verbreitungsdaten von Farn- und Bl\u00fctenpflanzen Deutschlands<\/p>\n\n\n\n<p style=\"font-size:16px\">E-Mail: nicola.seitz@netphyd.de<\/p>\n<\/div><\/div>\n\n\n\n<h6 class=\"wp-block-heading\" style=\"font-size:25px;font-style:normal;font-weight:100;letter-spacing:2px;text-transform:capitalize\">Holger Frehse<\/h6>\n\n\n\n<div class=\"wp-block-media-text is-stacked-on-mobile\" style=\"grid-template-columns:25% auto\"><figure class=\"wp-block-media-text__media\"><img loading=\"lazy\" decoding=\"async\" width=\"1024\" height=\"1024\" src=\"https:\/\/dflora.netphyd.de\/wp-content\/uploads\/2024\/02\/hogen_bewerbungsfoto-1.jpg\" alt=\"\" class=\"wp-image-1396 size-full\" srcset=\"https:\/\/www.netphyd.de\/wp-content\/uploads\/2024\/02\/hogen_bewerbungsfoto-1.jpg 1024w, https:\/\/www.netphyd.de\/wp-content\/uploads\/2024\/02\/hogen_bewerbungsfoto-1-300x300.jpg 300w, https:\/\/www.netphyd.de\/wp-content\/uploads\/2024\/02\/hogen_bewerbungsfoto-1-150x150.jpg 150w, https:\/\/www.netphyd.de\/wp-content\/uploads\/2024\/02\/hogen_bewerbungsfoto-1-768x768.jpg 768w, https:\/\/www.netphyd.de\/wp-content\/uploads\/2024\/02\/hogen_bewerbungsfoto-1-510x510.jpg 510w\" sizes=\"auto, (max-width: 1024px) 100vw, 1024px\" \/><\/figure><div class=\"wp-block-media-text__content\">\n<p style=\"font-size:16px\">Software \/ IT &#8211; Administration<\/p>\n\n\n\n<p style=\"font-size:16px\">E-Mail: holger.frehse@netphyd.de<\/p>\n<\/div><\/div>\n\n\n\n<div style=\"height:15px\" aria-hidden=\"true\" class=\"wp-block-spacer\"><\/div>\n","protected":false},"excerpt":{"rendered":"<p>Der Vorstand Prof. Dr. Florian Jansen Universit\u00e4t RostockLehrstuhl f\u00fcr Landschafts\u00f6kologie und StandortkundeJustus-von-Liebig-Weg 618059 Rostock Tel.: (+49) 381 498 3220E-Mail:&nbsp;florian.jansen@uni-rostock.deWeb:&nbsp;https:\/\/www.auf.uni-rostock.de\/loe Dr. Andreas Bettinger Zentrum f\u00fcr Biodokumentation (ZfB) Saarbr\u00fccken E-Mail:&nbsp;andreasbettinger28@gmail.comWeb:&nbsp;http:\/\/www.biodokumentation.saarland.de J\u00fcrgen Klotz Regensburgische Botanische Gesellschaft von 1790 e.V. E-Mail:&nbsp;juergen.klotz@biologie.uni-regensburg.deWeb: http:\/\/rbg1790.de\/ Friederike M\u00f6bius Vorstandsmitglied der AG Geobotanik MV E-Mail:&nbsp;moebius@gnl-kratzeburg.deWeb: https:\/\/geobotanik-mv.de\/ Dr. Peter Gausmann Bochumer Botanischer Verein e.V. &amp; [&hellip;]<\/p>\n","protected":false},"author":1,"featured_media":0,"parent":0,"menu_order":0,"comment_status":"closed","ping_status":"closed","template":"","meta":{"footnotes":""},"class_list":["post-55","page","type-page","status-publish","czr-hentry"],"_links":{"self":[{"href":"https:\/\/www.netphyd.de\/index.php\/wp-json\/wp\/v2\/pages\/55","targetHints":{"allow":["GET"]}}],"collection":[{"href":"https:\/\/www.netphyd.de\/index.php\/wp-json\/wp\/v2\/pages"}],"about":[{"href":"https:\/\/www.netphyd.de\/index.php\/wp-json\/wp\/v2\/types\/page"}],"author":[{"embeddable":true,"href":"https:\/\/www.netphyd.de\/index.php\/wp-json\/wp\/v2\/users\/1"}],"replies":[{"embeddable":true,"href":"https:\/\/www.netphyd.de\/index.php\/wp-json\/wp\/v2\/comments?post=55"}],"version-history":[{"count":57,"href":"https:\/\/www.netphyd.de\/index.php\/wp-json\/wp\/v2\/pages\/55\/revisions"}],"predecessor-version":[{"id":2282,"href":"https:\/\/www.netphyd.de\/index.php\/wp-json\/wp\/v2\/pages\/55\/revisions\/2282"}],"wp:attachment":[{"href":"https:\/\/www.netphyd.de\/index.php\/wp-json\/wp\/v2\/media?parent=55"}],"curies":[{"name":"wp","href":"https:\/\/api.w.org\/{rel}","templated":true}]}}