{"id":717,"date":"2024-01-31T16:24:19","date_gmt":"2024-01-31T15:24:19","guid":{"rendered":"https:\/\/dflora.netphyd.de\/?page_id=717"},"modified":"2025-08-20T17:02:59","modified_gmt":"2025-08-20T15:02:59","slug":"717-2","status":"publish","type":"page","link":"https:\/\/www.netphyd.de\/","title":{"rendered":""},"content":{"rendered":"\n<div class=\"wp-block-cover alignfull .cover-text { word-wrap: break-word; } .mein-bild-mit-hinweis position: relative; .mein-bild-mit-hinweis::after content: &quot;Bildnachweis: \u00a9 Florian Jansen&quot;; absolute; bottom: 0; left: background-color: rgba(255, 255, 0.8); padding: 5px; display: none; \/* Der Hinsweis ist standardm\u00e4\u00dfig ausgeblendet *\/ .mein-bild-mit-hinweis:hover::after block; wird angezeigt, wenn die Maus dar\u00fcber f\u00e4hrt\" style=\"font-size:45px;font-style:normal;font-weight:800;letter-spacing:1px;text-decoration:none;min-height:368px;aspect-ratio:unset;\"><img loading=\"lazy\" decoding=\"async\" width=\"1024\" height=\"1365\" class=\"wp-block-cover__image-background wp-image-889\" alt=\"Bildnachweis: \u00a9 Florian Jansen\" src=\"https:\/\/dflora.netphyd.de\/wp-content\/uploads\/2024\/01\/1593540468vicia_cracca_agg._gefunden_am_2020-06-30.jpg\" style=\"object-position:29% 2%\" data-object-fit=\"cover\" data-object-position=\"29% 2%\" srcset=\"https:\/\/www.netphyd.de\/wp-content\/uploads\/2024\/01\/1593540468vicia_cracca_agg._gefunden_am_2020-06-30.jpg 1024w, https:\/\/www.netphyd.de\/wp-content\/uploads\/2024\/01\/1593540468vicia_cracca_agg._gefunden_am_2020-06-30-225x300.jpg 225w, https:\/\/www.netphyd.de\/wp-content\/uploads\/2024\/01\/1593540468vicia_cracca_agg._gefunden_am_2020-06-30-768x1024.jpg 768w\" sizes=\"auto, (max-width: 1024px) 100vw, 1024px\" \/><span aria-hidden=\"true\" class=\"wp-block-cover__background has-background-dim-20 has-background-dim\"><\/span><div class=\"wp-block-cover__inner-container is-layout-constrained wp-block-cover-is-layout-constrained\">\n<p class=\"has-text-align-center .cover-text { word-wrap: break-word; } has-white-color has-text-color has-link-color wp-elements-bc98de29de1f05fc39f3c727edae48e2\" style=\"font-size:32px;font-style:normal;font-weight:700;letter-spacing:1px;text-transform:none\">Netzwerk Phytodiversit\u00e4t Deutschland e.V.<\/p>\n<\/div><\/div>\n\n\n\n<div style=\"height:15px\" aria-hidden=\"true\" class=\"wp-block-spacer\"><\/div>\n\n\n\n<div class=\"wp-block-group\"><div class=\"wp-block-group__inner-container is-layout-constrained wp-block-group-is-layout-constrained\">\n<div style=\"height:5px\" aria-hidden=\"true\" class=\"wp-block-spacer\"><\/div>\n\n\n\n<h3 class=\"wp-block-heading has-text-align-center\">Herzlich Willkommen auf der Website des NetPhyD e.V. <\/h3>\n\n\n\n<p class=\"has-text-align-left\" style=\"font-size:18px;text-transform:none\"><br>Wir besch\u00e4ftigen uns mit der botanischen Vielfalt in Deutschland, f\u00f6rdern die Feldbotanik und tragen Informationen zur Verbreitung und Entwicklung der Flora Deutschlands zusammen. <\/p>\n\n\n\n<p style=\"font-size:18px;text-transform:none\">Zu dem Netzwerk geh\u00f6rt die Deutschlandflora, die aus einem <a href=\"https:\/\/dflora.netphyd.de\" target=\"_blank\" rel=\"noreferrer noopener\">bundesweites Datenportal<\/a> f\u00fcr die Sammlung und Auswertung floristischer Funddaten besteht sowie aus zahlreichen Landesportalen. F\u00fcr die Portale stellen wir die dazugeh\u00f6rige App Deutschlandflora 3.0 (<a href=\"https:\/\/play.google.com\/store\/apps\/details?id=org.infinitenature.app.flora.deutschlandflora\">Android<\/a>, <a href=\"https:\/\/apps.apple.com\/de\/app\/deutschlandflora-3-0\/id6630392541\">iOS<\/a>) zur Verf\u00fcgung. Mit diesen Werkzeugen k\u00f6nnen Sie eigene Pflanzenfunde melden, diese bearbeiten und herunterladen. Dar\u00fcber hinaus k\u00f6nnen Sie sich die Verbreitungen einzelner Taxa in dynamisch kreierten Karten anzeigen lassen und zur Steigerung der Datenqualit\u00e4t beitragen, in dem Sie Fundmeldungen validieren und kommentieren.<\/p>\n\n\n\n<p>Die Daten, die \u00fcber das Netzwerk gesammelt werden, flie\u00dfen in Publikationen zur Verbreitung der Flora Deutschands ein (z.B. Netzwerk Phytodiversit\u00e4t Deutschland &amp; Bundesamt f\u00fcr Naturschutz (Hrsg.). (2013). <em>Verbreitungsatlas der Farn-und Bl\u00fctenpflanzen Deutschlands<\/em>. Landwirtschaftsverlag.) und dienen der <a href=\"https:\/\/www.floraweb.de\/\" data-type=\"link\" data-id=\"https:\/\/www.floraweb.de\/\" target=\"_blank\" rel=\"noreferrer noopener\">Information zu Wildpflanzen Deutschlands<\/a> sowie der Erstellung der <a href=\"https:\/\/www.rote-liste-zentrum.de\/de\/Farn-und-Blutenpflanzen-Tracheophyta-1767.html\" data-type=\"link\" data-id=\"https:\/\/www.rote-liste-zentrum.de\/de\/Farn-und-Blutenpflanzen-Tracheophyta-1767.html\" target=\"_blank\" rel=\"noreferrer noopener\">Roten Listen gef\u00e4hrdeter Pflanzen<\/a>. Aktuell bereitet NetPhyD e.V. im Auftrag des Bundesamts f\u00fcr Naturschutz bis September 2026 die Datengrundlage f\u00fcr die n\u00e4chste Rote Liste der Farn- und Bl\u00fctenpflanzen Deutschlands vor. Mehr \u00fcber das Projekt erfahren Sie <a href=\"https:\/\/www.netphyd.de\/index.php\/aktualisierung-der-verbreitungsdaten\/\">hier<\/a>.<\/p>\n\n\n\n<p class=\"has-text-align-left\" style=\"font-size:18px;text-transform:none\">Informationen zur Geschichte der Floristischen Kartierung finden sich auf den Seiten des <a href=\"https:\/\/www.bfn.de\/floristische-kartierung\" target=\"_blank\" rel=\"noreferrer noopener\">BfN<\/a>. Erfahren Sie hier mehr \u00fcber den <a href=\"https:\/\/www.netphyd.de\/index.php\/verein\/\" data-type=\"page\" data-id=\"53\">Verein<\/a>, vergangene und aktuelle <a href=\"https:\/\/www.netphyd.de\/index.php\/projekte\/\" data-type=\"page\" data-id=\"16\">Projekte<\/a> sowie \u00fcber die <a href=\"https:\/\/www.netphyd.de\/index.php\/floristische-rundbriefe\/\" data-type=\"page\" data-id=\"80\">floristischen Rundbriefe<\/a>. M\u00f6chten Sie auf dem Laufenden bleiben? Dann abonnieren Sie gerne unseren <a href=\"https:\/\/www.listserv.dfn.de\/sympa\/subscribe\/netphyd\">Newsletter<\/a>.<\/p>\n<\/div><\/div>\n\n\n\n<div class=\"wp-block-columns is-layout-flex wp-container-core-columns-is-layout-9d6595d7 wp-block-columns-is-layout-flex\">\n<div class=\"wp-block-column is-layout-flow wp-block-column-is-layout-flow\" style=\"flex-basis:33.33%\"><\/div>\n\n\n\n<div class=\"wp-block-column has-small-font-size is-layout-flow wp-block-column-is-layout-flow\" style=\"flex-basis:40%\">\n<div class=\"wp-block-group\"><div class=\"wp-block-group__inner-container is-layout-constrained wp-block-group-is-layout-constrained\">\n<hr class=\"wp-block-separator has-alpha-channel-opacity is-style-default\"\/>\n<\/div><\/div>\n<\/div>\n\n\n\n<div class=\"wp-block-column is-layout-flow wp-block-column-is-layout-flow\" style=\"flex-basis:33.33%\"><\/div>\n<\/div>\n\n\n\n<h3 class=\"wp-block-heading body {  margin-top: 10px; \/* Oben *\/ margin-bottom: 20px; Unten *\/}\">Deutschlandflora-Portal &amp; Deutschlandflora App<\/h3>\n\n\n\n<div class=\"wp-block-media-text is-stacked-on-mobile\" style=\"grid-template-columns:23% auto\"><figure class=\"wp-block-media-text__media\"><a href=\"https:\/\/dflora.netphyd.de\/main\"><img loading=\"lazy\" decoding=\"async\" width=\"895\" height=\"1024\" src=\"https:\/\/www.netphyd.de\/wp-content\/uploads\/2024\/11\/Deutschlandflora-Portal-und-App-895x1024.png\" alt=\"\" class=\"wp-image-1708 size-full\" srcset=\"https:\/\/www.netphyd.de\/wp-content\/uploads\/2024\/11\/Deutschlandflora-Portal-und-App-895x1024.png 895w, https:\/\/www.netphyd.de\/wp-content\/uploads\/2024\/11\/Deutschlandflora-Portal-und-App-262x300.png 262w, https:\/\/www.netphyd.de\/wp-content\/uploads\/2024\/11\/Deutschlandflora-Portal-und-App-768x879.png 768w, https:\/\/www.netphyd.de\/wp-content\/uploads\/2024\/11\/Deutschlandflora-Portal-und-App.png 954w\" sizes=\"auto, (max-width: 895px) 100vw, 895px\" \/><\/a><\/figure><div class=\"wp-block-media-text__content\">\n<p>Das <a href=\"https:\/\/dflora.netphyd.de\/main\">Deutschlandflora-Portal<\/a> ist im M\u00e4rz 2024 umgezogen. F\u00fcr die Nutzer:innen \u00e4ndert sich dabei wenig. Die neue Portal Website ist in angepasstem Design mit leicht ver\u00e4nderten Funktionen verf\u00fcgbar. Alle Daten des alten Portals finden Sie ebenso im neuen Portal. Wiederkehrenden Kartierer:innen empfehlen wir, sich mit der E-Mail Adresse ihres vorherigen Accounts zu registrieren. So k\u00f6nnen wir alte und neue Accounts leichter miteinander verkn\u00fcpfen. Nutzen Sie au\u00dfer dem Portal auch unsere neue App Deutschlandflora 3.0 (<a href=\"https:\/\/play.google.com\/store\/apps\/details?id=org.infinitenature.app.flora.deutschlandflora\">Android<\/a> oder <a href=\"https:\/\/apps.apple.com\/de\/app\/deutschlandflora-3-0\/id6630392541\">iOS<\/a>) f\u00fcr das Melden von Pflanzenbeobachtungen. Sie ersetzt die bisherige Deutschlandflora App sowie die WerBeo Landes-Apps. Hiermit k\u00f6nnen Sie Einzelfunde melden sowie Kartierlisten erstellen. Ihre Daten aus der App und dem Online-Portal sind dabei miteinander verkn\u00fcpft. Neben Ihren eigenen Funden k\u00f6nnen Sie sich auch andere Funde in der Umgebung anzeigen lassen.<\/p>\n<\/div><\/div>\n\n\n\n<p><a href=\"https:\/\/play.google.com\/store\/apps\/details?id=org.infinitenature.app.flora.deutschlandflora\"><img loading=\"lazy\" decoding=\"async\" width=\"150\" height=\"44\" class=\"wp-image-1711\" style=\"width: 150px;\" src=\"https:\/\/www.netphyd.de\/wp-content\/uploads\/2024\/11\/Play-Store-Button.png\" alt=\"\" srcset=\"https:\/\/www.netphyd.de\/wp-content\/uploads\/2024\/11\/Play-Store-Button.png 487w, https:\/\/www.netphyd.de\/wp-content\/uploads\/2024\/11\/Play-Store-Button-300x88.png 300w\" sizes=\"auto, (max-width: 150px) 100vw, 150px\" \/><\/a>    <kbd> <\/kbd>   <a href=\"https:\/\/apps.apple.com\/de\/app\/deutschlandflora-3-0\/id6630392541\"><img loading=\"lazy\" decoding=\"async\" width=\"132\" height=\"44\" class=\"wp-image-1712\" style=\"width: 132px;\" src=\"https:\/\/www.netphyd.de\/wp-content\/uploads\/2024\/11\/App-Store-Button.png\" alt=\"\" srcset=\"https:\/\/www.netphyd.de\/wp-content\/uploads\/2024\/11\/App-Store-Button.png 428w, https:\/\/www.netphyd.de\/wp-content\/uploads\/2024\/11\/App-Store-Button-300x101.png 300w\" sizes=\"auto, (max-width: 132px) 100vw, 132px\" \/><\/a><\/p>\n\n\n\n<p><a href=\"https:\/\/apps.apple.com\/de\/app\/deutschlandflora-3-0\/id6630392541\"><\/a><\/p>\n","protected":false},"excerpt":{"rendered":"<p>Herzlich Willkommen auf der Website des NetPhyD e.V. Wir besch\u00e4ftigen uns mit der botanischen Vielfalt in Deutschland, f\u00f6rdern die Feldbotanik und tragen Informationen zur Verbreitung und Entwicklung der Flora Deutschlands zusammen. Zu dem Netzwerk geh\u00f6rt die Deutschlandflora, die aus einem bundesweites Datenportal f\u00fcr die Sammlung und Auswertung floristischer Funddaten besteht sowie aus zahlreichen Landesportalen. F\u00fcr [&hellip;]<\/p>\n","protected":false},"author":1,"featured_media":0,"parent":0,"menu_order":0,"comment_status":"closed","ping_status":"closed","template":"","meta":{"footnotes":""},"class_list":["post-717","page","type-page","status-publish","czr-hentry"],"_links":{"self":[{"href":"https:\/\/www.netphyd.de\/index.php\/wp-json\/wp\/v2\/pages\/717","targetHints":{"allow":["GET"]}}],"collection":[{"href":"https:\/\/www.netphyd.de\/index.php\/wp-json\/wp\/v2\/pages"}],"about":[{"href":"https:\/\/www.netphyd.de\/index.php\/wp-json\/wp\/v2\/types\/page"}],"author":[{"embeddable":true,"href":"https:\/\/www.netphyd.de\/index.php\/wp-json\/wp\/v2\/users\/1"}],"replies":[{"embeddable":true,"href":"https:\/\/www.netphyd.de\/index.php\/wp-json\/wp\/v2\/comments?post=717"}],"version-history":[{"count":219,"href":"https:\/\/www.netphyd.de\/index.php\/wp-json\/wp\/v2\/pages\/717\/revisions"}],"predecessor-version":[{"id":2118,"href":"https:\/\/www.netphyd.de\/index.php\/wp-json\/wp\/v2\/pages\/717\/revisions\/2118"}],"wp:attachment":[{"href":"https:\/\/www.netphyd.de\/index.php\/wp-json\/wp\/v2\/media?parent=717"}],"curies":[{"name":"wp","href":"https:\/\/api.w.org\/{rel}","templated":true}]}}