{"id":80,"date":"2023-11-10T16:28:53","date_gmt":"2023-11-10T15:28:53","guid":{"rendered":"https:\/\/dflora.netphyd.de\/?page_id=80"},"modified":"2026-01-16T11:33:17","modified_gmt":"2026-01-16T10:33:17","slug":"floristische-rundbriefe","status":"publish","type":"page","link":"https:\/\/www.netphyd.de\/index.php\/floristische-rundbriefe\/","title":{"rendered":"Floristische Rundbriefe"},"content":{"rendered":"\n<hr class=\"wp-block-separator has-alpha-channel-opacity\"\/>\n\n\n\n<p>Die Floristischen Rundbriefe und die episodisch erscheinenden Beihefte werden seit dem Jahr 2008 (42. Jahrgang) vom Netzwerk Phytodiversit\u00e4t herausgegeben.<\/p>\n\n\n\n<p>NetPhyD-Mitglieder erhalten die Floristischen Rundbriefe kostenlos und werden direkt von der NetPhyD Gesch\u00e4ftsstelle in Rostock beliefert. Reine Abonnements der Floristischen Rundbriefe werden mit dem Westdeutschen Universit\u00e4tsverlag (<a href=\"mailto:info@universitaetsverlag.com\">info@universitaetsverlag.com<\/a>) geschlossen und m\u00fcssen auch direkt bei dem Verlag wieder gek\u00fcndigt werden.<\/p>\n\n\n\n<div style=\"height:25px\" aria-hidden=\"true\" class=\"wp-block-spacer\"><\/div>\n\n\n\n<div class=\"wp-block-columns is-layout-flex wp-container-core-columns-is-layout-9d6595d7 wp-block-columns-is-layout-flex\">\n<div class=\"wp-block-column is-vertically-aligned-center is-layout-flow wp-block-column-is-layout-flow\" style=\"flex-basis:70%\">\n<p>Die Schriftleitung hat Herr\u00a0<strong>Peter Gausmann<\/strong>.<\/p>\n\n\n\n<div class=\"wp-block-group is-vertical is-layout-flex wp-container-core-group-is-layout-8cf370e7 wp-block-group-is-layout-flex\">\n<p>Manuskriptbeitr\u00e4ge senden Sie bitte an:<\/p>\n\n\n\n<p>Peter Gausmann <br>E-Mail:&nbsp;<a href=\"mailto:Peter.Gausmann@ruhr-uni-bochum.de\">Peter.Gausmann@ruhr-uni-bochum.de<\/a><\/p>\n\n\n\n<div style=\"height:97px\" aria-hidden=\"true\" class=\"wp-block-spacer wp-container-content-fbfb8ea3\"><\/div>\n<\/div>\n<\/div>\n\n\n\n<div class=\"wp-block-column is-layout-flow wp-block-column-is-layout-flow\"><div class=\"wp-block-image\">\n<figure class=\"alignright size-large is-resized\"><img decoding=\"async\" src=\"https:\/\/www.netphyd.de\/wp-content\/uploads\/2024\/02\/1666862638laserpitium_prutenicum_gefunden_am_2022-08-25-768x1024.jpg\" alt=\"\" style=\"aspect-ratio:1;object-fit:cover;width:292px;height:auto\" title=\"Bildnachweis: \u00a9 Cosima Tegetmeyer\"\/><figcaption class=\"wp-element-caption\">Laserpitium prutenicum L.<\/figcaption><\/figure>\n<\/div><\/div>\n<\/div>\n\n\n\n<h6 class=\"wp-block-heading has-text-color has-link-color wp-elements-d7872d52dba37706c3ff920b07fc2793\" style=\"color:#595959d4;font-size:25px;font-style:normal;font-weight:100;text-transform:none\">Hinweise zur Manuskriptgestaltung<\/h6>\n\n\n\n<p>FLORISTISCHE RUNDBRIEFE publiziert wissenschaftliche Aufs\u00e4tze und Kurzbeitr\u00e4ge zur Identifizierung, Verbreitung, Taxonomie, Biologie und Populationsdynamik sowie zu Naturschutzaspekten von Gef\u00e4\u00dfpflanzen und anderen Pflanzengruppen (Moose, Flechten, Makroalgen) in Deutschland und Mitteleuropa. Besonders erw\u00fcnscht sind Hinweise zur Bestimmung leicht verwechselbarer Taxa, auch im vegetativen Zustand, sowie von neu auftretenden oder sich ausbreitenden Sippen. Methodisch weiterf\u00fchrende Arbeiten zur floristischen Kartierung sowie zur Nutzung und Auswertung floristischer, pflanzensoziologischer, pflanzengeografischer und biologischer Datenbanken sind ebenfalls sehr willkommen. Wer Manuskripte f\u00fcr FLORISTISCHE RUNDBRIEFE abfassen und einreichen m\u00f6chte, halte sich bitte unbedingt an folgende Regeln:<\/p>\n\n\n\n<p>Manuskripte in deutscher oder englischer Sprache sind bei einem der Schriftleiter vorzugsweise als Word-Dokument (*.doc) in Form einer Flie\u00dftextdatei ohne Formatierung, mit Seiten- und Zeilennummerierung, breitem Rand und 1,5-fachem Zeilenabstand einzureichen. Der Erhalt der Datei wird best\u00e4tigt, und das Manuskript wird zur Begutachtung an in der Regel 1-2 Gutachter weitergeleitet. Korrespondenz bez\u00fcglich Empfang, \u00dcberarbeitung und Annahme des Manuskriptes richtet sich, wenn nicht anders erw\u00fcnscht, an den Erstautor.<\/p>\n\n\n\n<p>Die Titelseite jedes Manuskriptbeitrags soll enthalten: Titel; Autoren (mit ausgeschriebenen Vor- und Zunamen); Kurzfassung (in deutsch); Abstract (in englisch, mit englischer \u00dcbersetzung des Titels); Schl\u00fcsselw\u00f6rter (deutsch); Keywords (englisch). Begriffe aus dem Titel bitte nicht bei den Schl\u00fcsselw\u00f6rtern\/keywords wiederholen. Wissenschaftliche Pflanzennamen im Titel und bei den Schl\u00fcsselw\u00f6rtern\/keywords erscheinen in der Regel ohne Autorzitat. Kurzfassung und abstract (jeweils nicht mehr als 150 Worte) sollen informativ, nicht summarisch sein.<\/p>\n\n\n\n<p>Der Text kann durch nummerierte (1., 2., 2.1., 2.2., usw.) \u00dcberschriften gegliedert werden. Nicht nummeriert werden Danksagungen, Literatur und Anschriften der Verfasser (mit E-mail-Adressen) am Ende des Manuskriptes. Wissenschaftliche Namen, gleich welcher Rangstufe, Namen von Syntaxa sowie fremdsprachige Begriffe sind kursiv zu setzen.<\/p>\n\n\n\n<p>Die Nomenklatur wissenschaftlicher Pflanzennamen richtet sich nach g\u00e4ngigen Standardlisten wie zum Beispiel BUTTLER &amp; HAND (2008) f\u00fcr Gef\u00e4\u00dfpflanzen, KOPERSKI &amp; al. (2000) f\u00fcr Moose und SCHOLZ (2000) f\u00fcr Flechten. Abweichungen davon sollen vermerkt und mit Quellenangabe versehen sein.<\/p>\n\n\n\n<p>Autornamen von Taxa und Syntaxa erscheinen mit normalem Schrifttyp und nur einmal, wenn erforderlich, und dann in der Regel bei der ersten Nennung im Text. In KAPIT\u00c4LCHEN gesetzt werden nur Personennamen in bibliografischen Angaben: (WISSKIRCHEN &amp; HAEUPLER 1998) oder: \u201e\u2026 nach WISSKIRCHEN &amp; HAEUPLER (1998) \u2026\u201c, oder bei mehr als zwei Autoren KRETZSCHMAR &amp; al. (2007).<\/p>\n\n\n\n<p>Zitate in Literaturverzeichnissen sollen alphabetisch sortiert, auch wiederholt vorkommende Autorennamen stets ausgeschrieben werden. Die bibliografischen Zitate sollen nach folgenden Beispielen formuliert sein: GAUSMANN, P., KEIL, P., LOOS, G. H. 2007: Einb\u00fcrgerungstendenzen der Zerr-Eiche (Quercus cerris L.) in urban-industriellen Vorw\u00e4ldern des Ruhrgebietes. \u07dd Florist. Rundbriefe 40: 31-39. HENKER, H. 2002: Rosa L. \u2013 Rose. \u2013 In: J\u00c4GER, E. J. &amp; WERNER, K. (Hrsg.), Rothmaler, Exkursionsflora von Deutschland, 4, Gef\u00e4\u00dfpflanzen: Kritischer Band. 9. Aufl. S. 351-360. Spektrum Akademischer Verlag; Heidelberg, Berlin. KORNECK, D., SCHNITTLER, M., VOLLMER, I. 1996: Rote Liste der Farn- und Bl\u00fctenpflanzen (Pteridophyta et Spermatophyta) Deutschlands. \u2013 In: Bundesamt f\u00fcr Naturschutz (Hrsg.), Rote Listen gef\u00e4hrdeter Pflanzen Deutschlands. Schriftenreihe Vegetationskunde 28: 21-187. Weiter auf Umschlagseite 3 (Innendeckel) KRETZSCHMAR, H., ECCARIUS, W., DIETRICH, H. 2007: Die Orchideengattungen Anacamptis, Orchis, Neotinea. Phylogenie, Taxonomie, Morphologie, Biologie, Verbreitung, \u00d6kologie und Hybridisation. \u2013 EchinoMedia Verlag; B\u00fcrgel. Bundesamt f\u00fcr Naturschutz 2008: FloraWeb: Daten und Informationen zu Wildpflanzen und zur Vegetation Deutschlands. \u2013&nbsp;<a href=\"http:\/\/www.floraweb.de\/\">http:\/\/www.floraweb.de\/<\/a>&nbsp;[4.8.2008]<\/p>\n\n\n\n<p>Tabellen sollen fortlaufend nummeriert (Tab. 1, usw.) und mit einer \u00dcberschrift versehen sein. Abbildungen wie Zeichnungen oder Fotos werden ebenfalls fortlaufend nummeriert (Abb. 1, usw.). F\u00fcr die zur Begutachtung eingereichte Fassung k\u00f6nnen sie am Ende in die Word-Datei eingebunden werden, sonst als separate Grafikdateien einreichen. F\u00fcr Zeichnungen und Diagramme bitte schwarz-wei\u00df und keine Graustufen verwenden und als Bitmap-Dateien (600 dpi) einreichen, Fotos vorzugsweise im Format *.jpg. Qualitativ gute Farbfotos k\u00f6nnen ebenfalls zum Druck angenommen werden, wenn dies sinnvoll erscheint. Denken Sie bei Pflanzen- oder Belegfotos an Ma\u00dfstabsleisten, die auch bei Verkleinerungen brauchbar bleiben. Die maximale Gr\u00f6\u00dfe f\u00fcr den Druck von Abbildungen einschlie\u00dflich ihrer Beschriftungen betr\u00e4gt 11 x 16 cm. Tabellen\u00fcberschriften und Abbildungsunterschriften sollen in deutsch und englisch formuliert und am Ende des Textes zusammengestellt und in die Datei eingebunden sein. Sie m\u00fcssen verst\u00e4ndlich sein, auch ohne den Text zu konsultieren. Bei Fotos sollen Fotograf und Datum genannt werden. Verweise im Text beziehen sich auf Abb. 1, Tab. 1, usw.<\/p>\n\n\n\n<p>Fundortangaben von Pflanzen sollen Datum sowie Messtischblatt- und Quadrantennummer enthalten, zus\u00e4tzlich k\u00f6nnen Minutenfelder, Gau\u00df-Kr\u00fcger- oder UTM-Koordinaten angegeben werden. F\u00fcr dokumentierte Pflanzenfunde sind anzugeben: Sammler\/in und Sammelnummer, das Datum der Aufsammlung und in welchem Herbarium der Beleg hinterlegt wurde.<\/p>\n\n\n\n<p>Nach Annahme des Manuskripts, seiner Formatierung und Drucklegung erh\u00e4lt der Erstautor einen Satz Korrekturfahnen mit der Bitte um sorgf\u00e4ltiges Korrekturlesen und z\u00fcgige R\u00fccksendung.<\/p>\n","protected":false},"excerpt":{"rendered":"<p>Die Floristischen Rundbriefe und die episodisch erscheinenden Beihefte werden seit dem Jahr 2008 (42. Jahrgang) vom Netzwerk Phytodiversit\u00e4t herausgegeben. NetPhyD-Mitglieder erhalten die Floristischen Rundbriefe kostenlos und werden direkt von der NetPhyD Gesch\u00e4ftsstelle in Rostock beliefert. Reine Abonnements der Floristischen Rundbriefe werden mit dem Westdeutschen Universit\u00e4tsverlag (info@universitaetsverlag.com) geschlossen und m\u00fcssen auch direkt bei dem Verlag wieder [&hellip;]<\/p>\n","protected":false},"author":1,"featured_media":0,"parent":0,"menu_order":0,"comment_status":"closed","ping_status":"closed","template":"","meta":{"footnotes":""},"class_list":["post-80","page","type-page","status-publish","czr-hentry"],"_links":{"self":[{"href":"https:\/\/www.netphyd.de\/index.php\/wp-json\/wp\/v2\/pages\/80","targetHints":{"allow":["GET"]}}],"collection":[{"href":"https:\/\/www.netphyd.de\/index.php\/wp-json\/wp\/v2\/pages"}],"about":[{"href":"https:\/\/www.netphyd.de\/index.php\/wp-json\/wp\/v2\/types\/page"}],"author":[{"embeddable":true,"href":"https:\/\/www.netphyd.de\/index.php\/wp-json\/wp\/v2\/users\/1"}],"replies":[{"embeddable":true,"href":"https:\/\/www.netphyd.de\/index.php\/wp-json\/wp\/v2\/comments?post=80"}],"version-history":[{"count":49,"href":"https:\/\/www.netphyd.de\/index.php\/wp-json\/wp\/v2\/pages\/80\/revisions"}],"predecessor-version":[{"id":2230,"href":"https:\/\/www.netphyd.de\/index.php\/wp-json\/wp\/v2\/pages\/80\/revisions\/2230"}],"wp:attachment":[{"href":"https:\/\/www.netphyd.de\/index.php\/wp-json\/wp\/v2\/media?parent=80"}],"curies":[{"name":"wp","href":"https:\/\/api.w.org\/{rel}","templated":true}]}}